{"id":44,"date":"2022-10-29T20:21:58","date_gmt":"2022-10-29T20:21:58","guid":{"rendered":"http:\/\/gorkaszczesliwicka.waw.pl\/index1\/?page_id=44"},"modified":"2022-10-31T11:47:24","modified_gmt":"2022-10-31T11:47:24","slug":"wypozyczalnia-2","status":"publish","type":"page","link":"https:\/\/gorkaszczesliwicka.waw.pl\/index1\/index.php\/wypozyczalnia-2\/","title":{"rendered":"wypo\u017cyczalnia"},"content":{"rendered":"<div class=\"\" style=\"\" >\n    \n    <section class=\"u-clearfix u-section-2\" id=\"sec-8368\">\n      <div class=\"u-clearfix u-sheet u-valign-middle u-sheet-1\">\n        <div class=\"u-clearfix u-expanded-width u-gutter-0 u-layout-wrap u-layout-wrap-1\">\n          <div class=\"u-layout\" style=\"\">\n            <div class=\"u-layout-row\" style=\"\">\n              <div class=\"u-align-left u-container-style u-grey-5 u-layout-cell u-left-cell u-size-30 u-size-xs-60 u-layout-cell-1\" src=\"\">\n                <div class=\"u-container-layout u-container-layout-1\">\n                  <div class=\"u-align-left u-container-style u-group u-group-1\">\n                    <div class=\"u-container-layout\">\n                      <h2 class=\"u-text u-text-1\">wypo\u017cyczalnia<\/h2>\n                      <p class=\"u-text u-text-2\">Jeste\u015bmy otwarci w godzinach pracy o\u015brodka - codziennie od poniedzia\u0142ku do niedzieli<br>od 10:00 do 20:00.<br>Mo\u017cna u nas wypo\u017cyczy\u0107 sprz\u0119t aby poje\u017adzi\u0107 na g\u00f3rce szcz\u0119\u015bliwickiej oraz na wyjazd w g\u00f3ry.<br>Proponujemy sprz\u0119t STANDARD i VIP.<br>Posiadamy g\u0142\u00f3wnie narty firmy Rossignol i Elan, oraz buty Rossignol, Lange i Alpina.\n                      <\/p>\n                    <\/div>\n                  <\/div>\n                <\/div>\n              <\/div>\n              <div class=\"u-align-left u-container-style u-image u-layout-cell u-right-cell u-size-30 u-size-xs-60 u-image-1\" data-image-width=\"1981\" data-image-height=\"1321\" style=\"background-image: url(&quot;https:\/\/gorkaszczesliwicka.waw.pl\/wp-content\/uploads\/2022\/10\/elan1-1.jpeg&quot;);\">\n                <div class=\"u-container-layout u-container-layout-3\" src=\"\"><\/div>\n              <\/div>\n            <\/div>\n          <\/div>\n        <\/div>\n      <\/div>\n    <\/section>\n    <section class=\"u-clearfix u-grey-10 u-section-3\" id=\"sec-7934\">\n      <div class=\"u-clearfix u-sheet u-sheet-1\"><\/div>\n    <\/section>\n    <section class=\"u-align-center u-clearfix u-section-4\" id=\"sec-8c2e\">\n      <div class=\"u-clearfix u-sheet u-valign-middle u-sheet-1\">\n        <h2 class=\"u-align-center u-text u-text-1\">WYPO\u017bYCZALNIA<br>\n          <span style=\"font-size: 1.5rem;\"> INFORMACJA POD NUMEREM TELEFONU +48 603 336 396<\/span>\n          <br>\n        <\/h2>\n        <h3 class=\"u-align-center u-text u-text-2\">CENNIK WYPO\u017bYCZALNI - SPRZ\u0118T STANDARD<\/h3>\n      <\/div>\n    <\/section>\n    <section class=\"u-align-center u-clearfix u-section-5\" id=\"sec-20c8\">\n      <div class=\"u-clearfix u-sheet u-valign-top u-sheet-1\">\n        <div class=\"u-expanded-width u-table u-table-responsive u-table-1\">\n          <table class=\"u-table-entity u-table-entity-1\">\n            <colgroup>\n              <col width=\"20%\">\n              <col width=\"20%\">\n              <col width=\"20%\">\n              <col width=\"20%\">\n              <col width=\"20%\">\n            <\/colgroup>\n            <thead class=\"u-align-center u-palette-5-base u-table-header u-table-header-1\">\n              <tr style=\"height: 47px;\">\n                <th class=\"u-border-1 u-border-grey-dark-1 u-table-cell\"><\/th>\n                <th class=\"u-border-1 u-border-grey-dark-1 u-table-cell\">60 minut<\/th>\n                <th class=\"u-border-1 u-border-grey-dark-1 u-table-cell\">90 minut<\/th>\n                <th class=\"u-border-1 u-border-grey-dark-1 u-table-cell\">120 minut<\/th>\n                <th class=\"u-border-1 u-border-grey-dark-1 u-table-cell\">kolejne 30 minut<\/th>\n              <\/tr>\n            <\/thead>\n            <tbody class=\"u-align-center u-table-body u-table-body-1\">\n              <tr style=\"height: 83px;\">\n                <td class=\"u-first-column u-palette-5-base u-table-cell u-table-cell-6\">komplet<\/td>\n                <td class=\"u-border-1 u-border-grey-30 u-table-cell\">30 z\u0142<\/td>\n                <td class=\"u-border-1 u-border-grey-30 u-table-cell\">40 z\u0142<\/td>\n                <td class=\"u-border-1 u-border-grey-30 u-table-cell\">50 z\u0142<\/td>\n                <td class=\"u-border-1 u-border-grey-30 u-table-cell\">10 z\u0142<\/td>\n              <\/tr>\n              <tr style=\"height: 99px;\">\n                <td class=\"u-first-column u-palette-5-base u-table-cell u-table-cell-11\">narty \/ snb<\/td>\n                <td class=\"u-border-1 u-border-grey-30 u-table-cell\">25 z\u0142<\/td>\n                <td class=\"u-border-1 u-border-grey-30 u-table-cell\">30 z\u0142<\/td>\n                <td class=\"u-border-1 u-border-grey-30 u-table-cell\">35 z\u0142<\/td>\n                <td class=\"u-border-1 u-border-grey-30 u-table-cell\">10 z\u0142<\/td>\n              <\/tr>\n              <tr style=\"height: 83px;\">\n                <td class=\"u-first-column u-palette-5-base u-table-cell u-table-cell-16\">buty<\/td>\n                <td class=\"u-border-1 u-border-grey-30 u-table-cell\">10 z\u0142<\/td>\n                <td class=\"u-border-1 u-border-grey-30 u-table-cell\">15 z\u0142<\/td>\n                <td class=\"u-border-1 u-border-grey-30 u-table-cell\">20 z\u0142<\/td>\n                <td class=\"u-border-1 u-border-grey-30 u-table-cell\">5 z\u0142<\/td>\n              <\/tr>\n              <tr style=\"height: 83px;\">\n                <td class=\"u-first-column u-palette-5-base u-table-cell u-table-cell-21\">kije<\/td>\n                <td class=\"u-border-1 u-border-grey-30 u-table-cell\">5 z\u0142<\/td>\n                <td class=\"u-border-1 u-border-grey-30 u-table-cell\">8 z\u0142<\/td>\n                <td class=\"u-border-1 u-border-grey-30 u-table-cell\">10 z\u0142<\/td>\n                <td class=\"u-border-1 u-border-grey-30 u-table-cell\">3 z\u0142<\/td>\n              <\/tr>\n              <tr style=\"height: 83px;\">\n                <td class=\"u-first-column u-palette-5-base u-table-cell u-table-cell-26\">kask<\/td>\n                <td class=\"u-border-1 u-border-grey-30 u-table-cell\">5 z\u0142<\/td>\n                <td class=\"u-border-1 u-border-grey-30 u-table-cell\">8 z\u0142<\/td>\n                <td class=\"u-border-1 u-border-grey-30 u-table-cell\">10 z\u0142<\/td>\n                <td class=\"u-border-1 u-border-grey-30 u-table-cell\">3 z\u0142<\/td>\n              <\/tr>\n            <\/tbody>\n          <\/table>\n        <\/div>\n      <\/div>\n    <\/section>\n    <section class=\"u-align-center u-clearfix u-section-6\" id=\"sec-9635\">\n      <div class=\"u-clearfix u-sheet u-valign-middle u-sheet-1\">\n        <h3 class=\"u-align-center u-text u-text-1\">CENNIK WYPO\u017bYCZALNI - SPRZ\u0118T VIP<\/h3>\n      <\/div>\n    <\/section>\n    <section class=\"u-clearfix u-section-7\" id=\"sec-d03c\">\n      <div class=\"u-clearfix u-sheet u-valign-top u-sheet-1\">\n        <div class=\"u-expanded-width u-table u-table-responsive u-table-1\">\n          <table class=\"u-table-entity\">\n            <colgroup>\n              <col width=\"25%\">\n              <col width=\"25%\">\n              <col width=\"25%\">\n              <col width=\"25%\">\n            <\/colgroup>\n            <thead class=\"u-align-center u-palette-5-base u-table-header u-table-header-1\">\n              <tr style=\"height: 47px;\">\n                <th class=\"u-border-1 u-border-grey-dark-1 u-table-cell u-table-cell-1\"><\/th>\n                <th class=\"u-border-1 u-border-grey-dark-1 u-table-cell u-table-cell-2\">60 minut<\/th>\n                <th class=\"u-border-1 u-border-grey-dark-1 u-table-cell u-table-cell-3\">pi\u0105tek - poniedzia\u0142ek<\/th>\n                <th class=\"u-border-1 u-border-grey-dark-1 u-table-cell u-table-cell-4\">10 dni<\/th>\n              <\/tr>\n            <\/thead>\n            <tbody class=\"u-table-body\">\n              <tr style=\"height: 59px;\">\n                <td class=\"u-align-center u-border-1 u-border-grey-dark-1 u-first-column u-palette-5-base u-table-cell u-table-cell-5\">narty<\/td>\n                <td class=\"u-align-center u-border-1 u-border-grey-dark-1 u-table-cell u-table-cell-6\">40 z\u0142<\/td>\n                <td class=\"u-align-center u-border-1 u-border-grey-dark-1 u-table-cell u-table-cell-7\">200 z\u0142<\/td>\n                <td class=\"u-align-center u-border-1 u-border-grey-dark-1 u-table-cell u-table-cell-8\">400 z\u0142<\/td>\n              <\/tr>\n              <tr style=\"height: 59px;\">\n                <td class=\"u-align-center u-border-1 u-border-grey-dark-1 u-first-column u-palette-5-base u-table-cell u-table-cell-9\">narty + buty<\/td>\n                <td class=\"u-align-center u-border-1 u-border-grey-dark-1 u-table-cell u-table-cell-10\">60 z\u0142<\/td>\n                <td class=\"u-align-center u-border-1 u-border-grey-dark-1 u-table-cell u-table-cell-11\">250 z\u0142<\/td>\n                <td class=\"u-align-center u-border-1 u-border-grey-dark-1 u-table-cell u-table-cell-12\">450 z\u0142<\/td>\n              <\/tr>\n            <\/tbody>\n          <\/table>\n        <\/div>\n      <\/div>\n    <\/section>\n    \n    \n    \n  \n<\/div>","protected":false},"excerpt":{"rendered":"<p>wypo\u017cyczalnia Jeste\u015bmy otwarci w godzinach pracy o\u015brodka &#8211; codziennie od poniedzia\u0142ku do niedzieliod 10:00 do 20:00.Mo\u017cna u nas wypo\u017cyczy\u0107 sprz\u0119t aby poje\u017adzi\u0107 na g\u00f3rce szcz\u0119\u015bliwickiej oraz na wyjazd w g\u00f3ry.Proponujemy sprz\u0119t STANDARD i VIP.Posiadamy g\u0142\u00f3wnie narty firmy Rossignol i Elan, oraz buty Rossignol, Lange i Alpina. WYPO\u017bYCZALNIA INFORMACJA POD NUMEREM TELEFONU +48 603 336 396&hellip; <a class=\"more-link\" href=\"https:\/\/gorkaszczesliwicka.waw.pl\/index1\/index.php\/wypozyczalnia-2\/\">Czytaj dalej <span class=\"screen-reader-text\">wypo\u017cyczalnia<\/span><\/a><\/p>\n","protected":false},"author":1,"featured_media":0,"parent":0,"menu_order":0,"comment_status":"closed","ping_status":"closed","template":"","meta":{"footnotes":""},"_links":{"self":[{"href":"https:\/\/gorkaszczesliwicka.waw.pl\/index1\/index.php\/wp-json\/wp\/v2\/pages\/44"}],"collection":[{"href":"https:\/\/gorkaszczesliwicka.waw.pl\/index1\/index.php\/wp-json\/wp\/v2\/pages"}],"about":[{"href":"https:\/\/gorkaszczesliwicka.waw.pl\/index1\/index.php\/wp-json\/wp\/v2\/types\/page"}],"author":[{"embeddable":true,"href":"https:\/\/gorkaszczesliwicka.waw.pl\/index1\/index.php\/wp-json\/wp\/v2\/users\/1"}],"replies":[{"embeddable":true,"href":"https:\/\/gorkaszczesliwicka.waw.pl\/index1\/index.php\/wp-json\/wp\/v2\/comments?post=44"}],"version-history":[{"count":6,"href":"https:\/\/gorkaszczesliwicka.waw.pl\/index1\/index.php\/wp-json\/wp\/v2\/pages\/44\/revisions"}],"predecessor-version":[{"id":88,"href":"https:\/\/gorkaszczesliwicka.waw.pl\/index1\/index.php\/wp-json\/wp\/v2\/pages\/44\/revisions\/88"}],"wp:attachment":[{"href":"https:\/\/gorkaszczesliwicka.waw.pl\/index1\/index.php\/wp-json\/wp\/v2\/media?parent=44"}],"curies":[{"name":"wp","href":"https:\/\/api.w.org\/{rel}","templated":true}]}}