{"id":6,"date":"2022-10-27T17:32:04","date_gmt":"2022-10-27T17:32:04","guid":{"rendered":"http:\/\/gorkaszczesliwicka.waw.pl\/index.php\/6-2\/"},"modified":"2024-01-10T09:40:25","modified_gmt":"2024-01-10T09:40:25","slug":"6-2","status":"publish","type":"page","link":"https:\/\/gorkaszczesliwicka.waw.pl\/index1\/","title":{"rendered":"index"},"content":{"rendered":"<div class=\"\" style=\"\" >\n    \n    <section class=\"u-carousel u-slide u-block-95c9-1\" src=\"\" id=\"carousel_7b15\" data-image-width=\"2048\" data-image-height=\"1365\" data-interval=\"5000\" data-u-ride=\"carousel\">\n      <ol class=\"u-absolute-hcenter u-carousel-indicators u-block-95c9-2\">\n        <li data-u-target=\"#carousel_7b15\" data-u-slide-to=\"0\" class=\"u-active u-grey-30\"><\/li>\n        <li data-u-target=\"#carousel_7b15\" class=\"u-grey-30\" data-u-slide-to=\"1\"><\/li>\n        <li data-u-target=\"#carousel_7b15\" class=\"u-grey-30\" data-u-slide-to=\"2\"><\/li>\n      <\/ol>\n      <div class=\"u-carousel-inner\" role=\"listbox\">\n        <div class=\"u-active u-align-center u-carousel-item u-clearfix u-image u-section-2-1\" src=\"\" data-image-width=\"2048\" data-image-height=\"1365\" style=\"background-image: url(&quot;https:\/\/gorkaszczesliwicka.waw.pl\/wp-content\/uploads\/2022\/10\/15304061_1625796967445949_8648942010273118783_o.jpeg&quot;);\">\n          <div class=\"u-clearfix u-sheet u-valign-middle u-sheet-1\">\n            <p class=\"u-large-text u-text u-text-variant u-text-white u-text-1\">G\u00d3RKA SZCZ\u0118\u015aLIWICKA<br>narty w centrum Warszawy\n            <\/p>\n          <\/div>\n        <\/div>\n        <div class=\"u-carousel-item u-clearfix u-image u-section-2-2\" data-image-width=\"2048\" data-image-height=\"1365\" style=\"background-image: url(&quot;https:\/\/gorkaszczesliwicka.waw.pl\/wp-content\/uploads\/2022\/10\/272294051_472467530944837_6362951080166458483_n.jpeg&quot;);\">\n          <div class=\"u-align-left u-clearfix u-sheet u-valign-middle u-sheet-1\">\n            <p class=\"u-align-center u-large-text u-text u-text-custom-color-2 u-text-variant u-text-1\">G\u00d3RKA SZCZ\u0118\u015aLIWICKA<br>narty w centrum Warszawy\n            <\/p>\n          <\/div>\n        <\/div>\n        <div class=\"u-carousel-item u-clearfix u-image u-section-2-3\" data-image-width=\"1078\" data-image-height=\"1440\" style=\"background-image: url(&quot;https:\/\/gorkaszczesliwicka.waw.pl\/wp-content\/uploads\/2022\/10\/146722819_10160580232339377_501244283189102057_n.jpeg&quot;);\">\n          <div class=\"u-clearfix u-sheet u-valign-middle u-sheet-1\">\n            <p class=\"u-align-center u-large-text u-text u-text-palette-5-light-3 u-text-variant u-text-1\">G\u00d3RKA SZCZ\u0118\u015aLIWICKA<br>narty w centrum Warszawy\n            <\/p>\n          <\/div>\n        <\/div>\n      <\/div>\n      <a class=\"u-absolute-vcenter u-carousel-control u-carousel-control-prev u-text-grey-30 u-block-95c9-3\" href=\"#carousel_7b15\" role=\"button\" data-u-slide=\"prev\">\n        <span aria-hidden=\"true\">\n          <svg viewBox=\"0 0 477.175 477.175\"><path d=\"M145.188,238.575l215.5-215.5c5.3-5.3,5.3-13.8,0-19.1s-13.8-5.3-19.1,0l-225.1,225.1c-5.3,5.3-5.3,13.8,0,19.1l225.1,225\n                    c2.6,2.6,6.1,4,9.5,4s6.9-1.3,9.5-4c5.3-5.3,5.3-13.8,0-19.1L145.188,238.575z\"><\/path><\/svg>\n        <\/span>\n        <span class=\"sr-only\">Previous<\/span>\n      <\/a>\n      <a class=\"u-absolute-vcenter u-carousel-control u-carousel-control-next u-text-grey-30 u-block-95c9-4\" href=\"#carousel_7b15\" role=\"button\" data-u-slide=\"next\">\n        <span aria-hidden=\"true\">\n          <svg viewBox=\"0 0 477.175 477.175\"><path d=\"M360.731,229.075l-225.1-225.1c-5.3-5.3-13.8-5.3-19.1,0s-5.3,13.8,0,19.1l215.5,215.5l-215.5,215.5\n                    c-5.3,5.3-5.3,13.8,0,19.1c2.6,2.6,6.1,4,9.5,4c3.4,0,6.9-1.3,9.5-4l225.1-225.1C365.931,242.875,365.931,234.275,360.731,229.075z\"><\/path><\/svg>\n        <\/span>\n        <span class=\"sr-only\">Next<\/span>\n      <\/a>\n    <\/section>\n    <section class=\"u-align-center u-clearfix u-section-3\" id=\"sec-4c65\">\n      <div class=\"u-clearfix u-sheet u-valign-middle u-sheet-1\">\n        <h1 class=\"u-text u-text-default u-text-1\">GODZINY OTWARCIA:<\/h1>\n        <p class=\"u-text u-text-2\"> stycze\u0144-luty<br>poniedzia\u0142ek - pi\u0105tek: 11:00 - 21:00<br>weekend: 10:00&nbsp;- 20:00<br>\n          <br>ferie mazowieckie:<br>10:00 - 20:00<br>\n          <br>marzec<br>zale\u017cnie od warunk\u00f3w<br>\n          <br>kwiecie\u0144 - wrzesie\u0144<br>biuro otwarte tylko po wcze\u015bniejszym um\u00f3wieniu si\u0119<br>\n          <br>pa\u017adziernik - grudzie\u0144:<br>codziennie 10:00 - 20:00\n        <\/p>\n      <\/div>\n    <\/section>\n    <section class=\"u-clearfix u-section-4\" id=\"sec-a955\">\n      <div class=\"u-clearfix u-sheet u-sheet-1\"><\/div>\n    <\/section>\n    <section class=\"u-clearfix u-image u-shading u-section-5\" id=\"carousel_01e9\" data-image-width=\"960\" data-image-height=\"837\" style=\"background-image: linear-gradient(0deg, rgba(0, 0, 0, 0.35), rgba(0, 0, 0, 0.35)), url(&quot;https:\/\/gorkaszczesliwicka.waw.pl\/wp-content\/uploads\/2022\/10\/244714990_10161223673019377_5664773004414257773_n.jpeg&quot;);\">\n      <div class=\"u-clearfix u-sheet u-valign-middle u-sheet-1\">\n        <div class=\"u-clearfix u-expanded-width u-gutter-30 u-layout-wrap u-layout-wrap-1\">\n          <div class=\"u-gutter-0 u-layout\">\n            <div class=\"u-layout-row\">\n              <div class=\"u-container-style u-layout-cell u-shape-rectangle u-size-23 u-layout-cell-1\">\n                <div class=\"u-border-20 u-border-white u-container-layout u-valign-top u-container-layout-1\">\n                  <h5 class=\"u-custom-font u-font-montserrat u-text u-text-1\">o nas:<\/h5>\n                  <p class=\"u-text u-text-2\">Jest to strona informacyjna o ca\u0142orocznym stoku narciarskim szcz\u0119\u015bliwice. Nasza firma dzia\u0142a na obiekcie od pocz\u0105tku jego funkcjonowania.&nbsp;<br>Nasze biuro znajduje si\u0119 w g\u0142\u00f3wnym holu o\u015brodka na poziomie \"0\", po lewej stronie od g\u0142\u00f3wnego wej\u015bcia.<br>Jeste\u015bmy licencjonowan\u0105 szko\u0142\u0105 SITN-PZN, a w naszej wypo\u017cyczalni znajdziecie przede wszystkim srz\u0119t marek ELAN, Rossignol, Lange, Alpina.<br>Je\u017celi potrzebujesz wi\u0119cej informacji, nie kr\u0119puj sie i zadzwo\u0144 do nas<br>+48 603 336 396\n                  <\/p>\n                  <img decoding=\"async\" class=\"u-image u-image-default u-image-1\" src=\"https:\/\/gorkaszczesliwicka.waw.pl\/wp-content\/uploads\/2022\/10\/pobrane.png\" alt=\"\" data-image-width=\"300\" data-image-height=\"168\">\n                <\/div>\n              <\/div>\n              <div class=\"u-container-style u-layout-cell u-shape-rectangle u-size-37 u-layout-cell-2\">\n                <div class=\"u-border-20 u-border-white u-container-layout u-valign-middle u-container-layout-2\">\n                  <h5 class=\"u-custom-font u-font-montserrat u-text u-text-3\">kilka s\u0142\u00f3w o stoku:<\/h5>\n                  <p class=\"u-text u-text-4\"> Trasa narciarska&nbsp;o powierzchni 9500 m\u00b2 pokryta\nzosta\u0142a&nbsp;mat\u0105&nbsp;typu&nbsp;Dendix&nbsp;produkcji angielskiej, kt\u00f3ra przy\nzerowych i dodatnich temperaturach zraszana jest \u201emg\u0142\u0105 wodn\u0105\u201d dla zmniejszenia\ntarcia i polepszenia \u015blizgu, natomiast przy temperaturach ujemnych oraz braku\nlub ma\u0142ej ilo\u015bci \u015bniegu na\u015bnie\u017cana jest armatkami.\nPrzewy\u017cszenie (r\u00f3\u017cnica wysoko\u015bci)&nbsp;stoku wynosi 44 m, co\nprzy jego d\u0142ugo\u015bci ok. 227 m daje \u015brednie nachylenie 19% (11\u00b0), co z kolei\nkwalifikuje tras\u0119 jako&nbsp;niebiesk\u0105&nbsp;(\u0142atw\u0105). Maksymalne nachylenie\nwynosi 17\u00b0. O\u015brodek \u201eSzcz\u0119\u015bliwice\u201d jest jednym z 3 ca\u0142orocznych o\u015brodk\u00f3w\nnarciarskich w Polsce, obok&nbsp;Ca\u0142orocznego Centrum Narciarstwa\nMaltaSki&nbsp;w&nbsp;Poznaniu&nbsp;oraz Dolomit\u00f3w \u2013 Sportowej Doliny,\nCa\u0142orocznego Centrum Narciarsko-Snowboardowego w&nbsp;Bytomiu.\nWyci\u0105gi: \nwyci\u0105g krzese\u0142kowy&nbsp;TS-2 firmy&nbsp;Tatrapoma\na.s.&nbsp;o wydajno\u015bci przewozowej 1200 os\/h (w zimie) i 782 os\/h (w lecie)\noraz pr\u0119dko\u015bci maksymalnej 2,3 m\/s (w zimie) i 1,5 m\/s (w lecie). Liczba\nkrzese\u0142ek 33, pr\u0119dko\u015b\u0107 przejazdu 36 km\/h, d\u0142ugo\u015b\u0107 wyci\u0105gu \u2013 224 m, czas\nprzejazdu w zimie 1,7 minuty, w lecie \u2013 2,5 minuty;\nwyci\u0105g talerzykowy&nbsp;FNV firmy Tatrapoma o wydajno\u015bci\nprzewozowej 700 os\/h (w zimie i w lecie), najwy\u017csza dozwolona pr\u0119dko\u015b\u0107 2 m\/s,\nliczba talerzyk\u00f3w \u2013 42, d\u0142ugo\u015b\u0107 wyci\u0105gu \u2013 215 m, czas przejazdu \u2013 1,8 min.&nbsp; &nbsp;&nbsp;<br>Dodatkowa Infrastruktura \nKolejka grawitacyjna \u201eAlpine Coaster\u201d firmy Wiegand o\nd\u0142ugo\u015bci 715&nbsp;m (d\u0142ugo\u015b\u0107 toru wci\u0105gowego 216&nbsp;m, d\u0142ugo\u015b\u0107 toru\nzjazdowego \u2013 499&nbsp;m) i \u015bredniej szybko\u015bci zjazdu 36&nbsp;km\/h. Liczba\ndwuosobowych w\u00f3zk\u00f3w \u2013 32\ntaras widokowy u podn\u00f3\u017ca stoku o powierzchni 900 m\u00b2 <b>\n                      <a href=\"https:\/\/gorkaszczesliwicka.waw.pl\/index1\/index.php\/wypozyczalnia-2\/\" class=\"u-btn u-button-link u-button-style u-text-palette-1-base u-btn-1\">wypo\u017cyczalnia nart<\/a><\/b> i desek snowboardowych <b>\n                      <a href=\"https:\/\/gorkaszczesliwicka.waw.pl\/index1\/index.php\/szkolenia-narciarskie\/\" class=\"u-btn u-button-link u-button-style u-text-palette-1-base u-btn-2\">szko\u0142a narciarstwa i snowboardu<\/a>.<\/b>\n                  <\/p>\n                <\/div>\n              <\/div>\n            <\/div>\n          <\/div>\n        <\/div>\n      <\/div>\n    <\/section>\n    <section class=\"u-clearfix u-section-6\" id=\"sec-0ad5\">\n      <div class=\"u-clearfix u-sheet u-sheet-1\">\n        <div class=\"u-clearfix u-expanded-width u-gutter-0 u-layout-wrap u-layout-wrap-1\">\n          <div class=\"u-layout\" style=\"\">\n            <div class=\"u-layout-row\" style=\"\">\n              <div class=\"u-align-left u-container-style u-image u-layout-cell u-left-cell u-size-30 u-size-xs-60 u-image-1\" src=\"\" data-image-width=\"1728\" data-image-height=\"1152\" style=\"background-image: url(&quot;https:\/\/gorkaszczesliwicka.waw.pl\/wp-content\/uploads\/2022\/10\/14987979562795401226.jpg&quot;);\">\n                <div class=\"u-container-layout u-valign-top-xs u-container-layout-1\" src=\"\">\n                  <h2 class=\"u-text u-text-custom-color-4 u-text-1\">szkolenia<\/h2>\n                  <div class=\"u-container-style u-group u-opacity u-opacity-45 u-shape-rectangle u-white u-group-1\">\n                    <div class=\"u-container-layout u-container-layout-2\">\n                      <div class=\"u-align-left u-container-style u-group u-group-2\">\n                        <div class=\"u-container-layout\">\n                          <p class=\"u-text u-text-2\"> Zapraszamy\nna szkolenia indywidualne, zar\u00f3wno pocz\u0105tkuj\u0105cych, jak i zaawansowanych\nnarciarzy.<br> Prowadzimy szkolenia zar\u00f3wno dla pocz\u0105tkuj\u0105cych, zaawansowanych.<br> Zapraszamy tak\u017ce na indywidualne szkolenia sportowe.<br>\n                            <br>\n                          <\/p>\n                          <a href=\"https:\/\/gorkaszczesliwicka.waw.pl\/index1\/index.php\/szkolenia-narciarskie\/\" class=\"u-btn u-button-style u-hover-palette-1-dark-1 u-palette-1-base u-btn-1\">szkolenia indywidualne<\/a>\n                        <\/div>\n                      <\/div>\n                      <div class=\"u-container-style u-group u-group-3\">\n                        <div class=\"u-container-layout u-container-layout-4\"><\/div>\n                      <\/div>\n                    <\/div>\n                  <\/div>\n                <\/div>\n              <\/div>\n              <div class=\"u-align-left u-container-style u-grey-5 u-layout-cell u-right-cell u-size-30 u-size-xs-60 u-layout-cell-2\">\n                <div class=\"u-container-layout u-container-layout-5\">\n                  <div class=\"u-container-style u-expanded-width u-group u-group-4\">\n                    <div class=\"u-container-layout\">\n                      <div class=\"u-align-left u-container-style u-group u-group-5\">\n                        <div class=\"u-container-layout\">\n                          <h2 class=\"u-text u-text-3\">szkolenia narciarskie<\/h2>\n                          <p class=\"u-text u-text-default u-text-4\">Chcesz si\u0119 dowiedzie\u0107 wi\u0119cej o szkoleniach narciarskich ?<br>kliknij przycisk\n                          <\/p>\n                        <\/div>\n                      <\/div>\n                      <a href=\"https:\/\/gorkaszczesliwicka.waw.pl\/index1\/index.php\/szkolenia-narciarskie\/\" class=\"u-btn u-button-style u-palette-1-base u-btn-2\">szkolenia narciarskie<\/a>\n                    <\/div>\n                  <\/div>\n                <\/div>\n              <\/div>\n            <\/div>\n          <\/div>\n        <\/div>\n      <\/div>\n    <\/section>\n    <section class=\"u-clearfix u-section-7\" id=\"carousel_e7c1\">\n      <div class=\"u-clearfix u-sheet u-valign-middle-xs u-sheet-1\">\n        <div class=\"u-clearfix u-expanded-width u-gutter-0 u-layout-wrap u-layout-wrap-1\">\n          <div class=\"u-layout\" style=\"\">\n            <div class=\"u-layout-row\" style=\"\">\n              <div class=\"u-align-left u-container-style u-grey-5 u-layout-cell u-left-cell u-size-30 u-size-xs-60 u-layout-cell-1\" src=\"\">\n                <div class=\"u-container-layout u-container-layout-1\">\n                  <div class=\"u-container-style u-expanded-width u-group u-group-1\">\n                    <div class=\"u-container-layout\">\n                      <div class=\"u-align-left u-container-style u-group u-group-2\">\n                        <div class=\"u-container-layout\">\n                          <h2 class=\"u-text u-text-1\">wypo\u017cyczalnia<\/h2>\n                          <p class=\"u-text u-text-2\">Oczywi\u015bcie mo\u017cna tak\u017ce wypo\u017cyczy\u0107 u nas sprz\u0119t narciarski i snowboardowy.<br>Posiadamy g\u0142\u00f3wnie narty firmy Rossignol i Elan, oraz buty Rossignol, Lange i Alpina.\n                          <\/p>\n                        <\/div>\n                      <\/div>\n                      <a href=\"https:\/\/gorkaszczesliwicka.waw.pl\/index1\/index.php\/wypozyczalnia-2\/\" class=\"u-btn u-button-style u-palette-1-base u-btn-1\">wypo\u017cyczalnia<\/a>\n                    <\/div>\n                  <\/div>\n                <\/div>\n              <\/div>\n              <div class=\"u-align-left u-container-style u-image u-layout-cell u-right-cell u-size-30 u-size-xs-60 u-image-1\" data-image-width=\"1981\" data-image-height=\"1321\" style=\"background-image: url(&quot;https:\/\/gorkaszczesliwicka.waw.pl\/wp-content\/uploads\/2022\/10\/elan1.jpeg&quot;);\">\n                <div class=\"u-container-layout u-container-layout-4\" src=\"\">\n                  <div class=\"u-container-style u-expanded-width u-group u-opacity u-opacity-55 u-shape-rectangle u-white u-group-3\">\n                    <div class=\"u-container-layout u-container-layout-5\">\n                      <p class=\"u-text u-text-3\">Proponujemy wypo\u017cyczenia sprz\u0119tu STANDARD oraz VIP.<br>Wszystkie narty s\u0105 na bie\u017c\u0105co serwisowane i przygotowane do sezonu.\n                      <\/p>\n                      <div class=\"u-container-style u-group u-group-4\">\n                        <div class=\"u-container-layout u-container-layout-6\">\n                          <h2 class=\"u-text u-text-palette-1-base u-text-4\">wypo\u017cyczalnia<\/h2>\n                          <a href=\"https:\/\/gorkaszczesliwicka.waw.pl\/index1\/index.php\/wypozyczalnia-2\/\" class=\"u-btn u-button-style u-palette-1-base u-btn-2\"> wypo\u017cyczalnia<\/a>\n                        <\/div>\n                      <\/div>\n                    <\/div>\n                  <\/div>\n                <\/div>\n              <\/div>\n            <\/div>\n          <\/div>\n        <\/div>\n      <\/div>\n    <\/section>\n    <section class=\"u-clearfix u-section-8\" id=\"carousel_c223\">\n      <div class=\"u-clearfix u-sheet u-valign-middle-sm u-valign-middle-xs u-sheet-1\">\n        <div class=\"u-clearfix u-expanded-width u-gutter-4 u-layout-wrap u-layout-wrap-1\">\n          <div class=\"u-gutter-0 u-layout\">\n            <div class=\"u-layout-row\">\n              <div class=\"u-container-style u-layout-cell u-size-30 u-layout-cell-1\">\n                <div class=\"u-container-layout u-container-layout-1\">\n                  <h3 class=\"u-text u-text-default u-text-1\">kamera on-line<\/h3>\n                  <div class=\"u-expanded-width u-video u-video-contain u-video-1\">\n                    <div class=\"embed-responsive embed-responsive-1\">\n                      <iframe style=\"position: absolute;top: 0;left: 0;width: 100%;height: 100%;\" class=\"embed-responsive-item\" src=\"https:\/\/www.youtube.com\/embed\/XUN46qVMLEc?mute=0&amp;showinfo=0&amp;controls=0&amp;start=0\" frameborder=\"0\" allowfullscreen=\"\"><\/iframe>\n                    <\/div>\n                  <\/div>\n                <\/div>\n              <\/div>\n              <div class=\"u-container-style u-layout-cell u-size-30 u-layout-cell-2\">\n                <div class=\"u-container-layout u-container-layout-2\">\n                  <h6 class=\"u-text u-text-default u-text-2\">zadzwo\u0144 do nas:<\/h6>\n                  <p class=\"u-text u-text-default u-text-3\">+48 603 336 396<br>\n                    <br>\n                  <\/p>\n                  <h6 class=\"u-text u-text-default u-text-4\">GDZIE NAS ZNAJDZIESZ?<\/h6>\n                  <p class=\"u-text u-text-5\">Strefa Ruchu Sp. z o. o.<br>G\u00f3rka Szcz\u0119\u015bliwicka<br>ul Drawska 22<br>02-202 Warszawa<br>\n                    <br>\n                  <\/p>\n                <\/div>\n              <\/div>\n            <\/div>\n          <\/div>\n        <\/div>\n      <\/div>\n    <\/section>\n    <section class=\"u-clearfix u-section-9\" id=\"sec-396b\">\n      <div class=\"u-clearfix u-sheet u-sheet-1\">\n        <div class=\"u-expanded u-grey-light-2 u-map\">\n          <div class=\"embed-responsive\">\n            <iframe class=\"embed-responsive-item\" src=\"\/\/maps.google.com\/maps?output=embed&amp;q=strefa%20ruchu%2C%20g%C3%B3rka%20szcz%C4%99%C5%9Bliwicka%2C%20warszawa&amp;z=15&amp;t=m\" data-map=\"JTdCJTIyYWRkcmVzcyUyMiUzQSUyMnN0cmVmYSUyMHJ1Y2h1JTJDJTIwZyVDMyVCM3JrYSUyMHN6Y3olQzQlOTklQzUlOUJsaXdpY2thJTJDJTIwd2Fyc3phd2ElMjIlMkMlMjJ6b29tJTIyJTNBMTUlMkMlMjJ0eXBlSWQlMjIlM0ElMjJyb2FkJTIyJTJDJTIybGFuZyUyMiUzQW51bGwlMkMlMjJhcGlLZXklMjIlM0FudWxsJTJDJTIybWFya2VycyUyMiUzQSU1QiU1RCU3RA==\"><\/iframe>\n          <\/div>\n        <\/div>\n      <\/div>\n    <\/section>\n    \n    \n    \n  \n<\/div>","protected":false},"excerpt":{"rendered":"<p>G\u00d3RKA SZCZ\u0118\u015aLIWICKAnarty w centrum Warszawy G\u00d3RKA SZCZ\u0118\u015aLIWICKAnarty w centrum Warszawy G\u00d3RKA SZCZ\u0118\u015aLIWICKAnarty w centrum Warszawy Previous Next GODZINY OTWARCIA: stycze\u0144-lutyponiedzia\u0142ek &#8211; pi\u0105tek: 11:00 &#8211; 21:00weekend: 10:00&nbsp;&#8211; 20:00 ferie mazowieckie:10:00 &#8211; 20:00 marzeczale\u017cnie od warunk\u00f3w kwiecie\u0144 &#8211; wrzesie\u0144biuro otwarte tylko po wcze\u015bniejszym um\u00f3wieniu si\u0119 pa\u017adziernik &#8211; grudzie\u0144:codziennie 10:00 &#8211; 20:00 o nas: Jest to strona informacyjna&hellip; <a class=\"more-link\" href=\"https:\/\/gorkaszczesliwicka.waw.pl\/index1\/\">Czytaj dalej <span class=\"screen-reader-text\">index<\/span><\/a><\/p>\n","protected":false},"author":1,"featured_media":0,"parent":0,"menu_order":0,"comment_status":"closed","ping_status":"closed","template":"","meta":{"footnotes":""},"_links":{"self":[{"href":"https:\/\/gorkaszczesliwicka.waw.pl\/index1\/index.php\/wp-json\/wp\/v2\/pages\/6"}],"collection":[{"href":"https:\/\/gorkaszczesliwicka.waw.pl\/index1\/index.php\/wp-json\/wp\/v2\/pages"}],"about":[{"href":"https:\/\/gorkaszczesliwicka.waw.pl\/index1\/index.php\/wp-json\/wp\/v2\/types\/page"}],"author":[{"embeddable":true,"href":"https:\/\/gorkaszczesliwicka.waw.pl\/index1\/index.php\/wp-json\/wp\/v2\/users\/1"}],"replies":[{"embeddable":true,"href":"https:\/\/gorkaszczesliwicka.waw.pl\/index1\/index.php\/wp-json\/wp\/v2\/comments?post=6"}],"version-history":[{"count":31,"href":"https:\/\/gorkaszczesliwicka.waw.pl\/index1\/index.php\/wp-json\/wp\/v2\/pages\/6\/revisions"}],"predecessor-version":[{"id":139,"href":"https:\/\/gorkaszczesliwicka.waw.pl\/index1\/index.php\/wp-json\/wp\/v2\/pages\/6\/revisions\/139"}],"wp:attachment":[{"href":"https:\/\/gorkaszczesliwicka.waw.pl\/index1\/index.php\/wp-json\/wp\/v2\/media?parent=6"}],"curies":[{"name":"wp","href":"https:\/\/api.w.org\/{rel}","templated":true}]}}